{"id":207,"date":"2014-01-07T15:58:08","date_gmt":"2014-01-07T13:58:08","guid":{"rendered":"http:\/\/andreas.fam-gundacker.eu\/?page_id=207"},"modified":"2014-01-07T15:58:08","modified_gmt":"2014-01-07T13:58:08","slug":"ueber","status":"publish","type":"page","link":"https:\/\/andreas.fam-gundacker.eu\/?page_id=207","title":{"rendered":"\u00dcber"},"content":{"rendered":"<p>Dies ist ein Beispiel einer Seite. Anders als Beitr\u00e4ge, die auf der Startseite deines Blog in der Reihenfolge ihrer Ver\u00f6ffentlichung angezeigt werden, sind Seiten besser f\u00fcr zeitlose Inhalte geeignet, die du einfach verf\u00fcgbar machen m\u00f6chtest, wie deine \u00dcber- oder Kontaktinformationen. Klicke auf den Bearbeiten-Link, um \u00c4nderungen an dieser Seite auszuf\u00fchren oder <a title=\"Direktlink zu Neu hinzuf\u00fcgen auf dem Admin-Dashboard\" href=\"\/wp-admin\/post-new.php?post_type=page\">f\u00fcge eine weitere Seite hinzu<\/a>.<\/p>\n","protected":false},"excerpt":{"rendered":"<p>Dies ist ein Beispiel einer Seite. Anders als Beitr\u00e4ge, die auf der Startseite deines Blog in der Reihenfolge ihrer Ver\u00f6ffentlichung angezeigt werden, sind Seiten besser f\u00fcr zeitlose Inhalte geeignet, die du einfach verf\u00fcgbar machen m\u00f6chtest, wie deine \u00dcber- oder Kontaktinformationen. Klicke auf den Bearbeiten-Link, um \u00c4nderungen an dieser Seite auszuf\u00fchren oder f\u00fcge eine weitere Seite [&hellip;]<\/p>\n","protected":false},"author":2,"featured_media":0,"parent":0,"menu_order":0,"comment_status":"open","ping_status":"open","template":"","meta":{"footnotes":""},"class_list":["post-207","page","type-page","status-publish","hentry"],"_links":{"self":[{"href":"https:\/\/andreas.fam-gundacker.eu\/index.php?rest_route=\/wp\/v2\/pages\/207","targetHints":{"allow":["GET"]}}],"collection":[{"href":"https:\/\/andreas.fam-gundacker.eu\/index.php?rest_route=\/wp\/v2\/pages"}],"about":[{"href":"https:\/\/andreas.fam-gundacker.eu\/index.php?rest_route=\/wp\/v2\/types\/page"}],"author":[{"embeddable":true,"href":"https:\/\/andreas.fam-gundacker.eu\/index.php?rest_route=\/wp\/v2\/users\/2"}],"replies":[{"embeddable":true,"href":"https:\/\/andreas.fam-gundacker.eu\/index.php?rest_route=%2Fwp%2Fv2%2Fcomments&post=207"}],"version-history":[{"count":0,"href":"https:\/\/andreas.fam-gundacker.eu\/index.php?rest_route=\/wp\/v2\/pages\/207\/revisions"}],"wp:attachment":[{"href":"https:\/\/andreas.fam-gundacker.eu\/index.php?rest_route=%2Fwp%2Fv2%2Fmedia&parent=207"}],"curies":[{"name":"wp","href":"https:\/\/api.w.org\/{rel}","templated":true}]}}